{"id":8,"date":"2020-10-20T12:37:20","date_gmt":"2020-10-20T12:37:20","guid":{"rendered":"http:\/\/bmiiktisadiisletme.com\/?page_id=8"},"modified":"2020-10-20T17:16:55","modified_gmt":"2020-10-20T14:16:55","slug":"bize-ulasin","status":"publish","type":"page","link":"http:\/\/bmiiktisadiisletme.com\/?page_id=8","title":{"rendered":"Bize ula\u015f\u0131n"},"content":{"rendered":"\n<h2>ADRES<\/h2>\n\n\n\n<p>Bostanc\u0131 Mah.<br>E80 Yanyol Cd. No.:2<br>Kad\u0131k\u00f6y-\u0130stanbul<\/p>\n\n\n\n<p>0216 3808590<br><br>bilgi@bmiiktisadiisletme.com<\/p>\n\n\n\n<p><\/p>\n","protected":false},"excerpt":{"rendered":"<p>ADRES Bostanc\u0131 Mah.E80 Yanyol Cd. No.:2Kad\u0131k\u00f6y-\u0130stanbul 0216 3808590 bilgi@bmiiktisadiisletme.com<\/p>\n","protected":false},"author":1,"featured_media":0,"parent":0,"menu_order":0,"comment_status":"closed","ping_status":"closed","template":"","meta":[],"_links":{"self":[{"href":"http:\/\/bmiiktisadiisletme.com\/index.php?rest_route=\/wp\/v2\/pages\/8"}],"collection":[{"href":"http:\/\/bmiiktisadiisletme.com\/index.php?rest_route=\/wp\/v2\/pages"}],"about":[{"href":"http:\/\/bmiiktisadiisletme.com\/index.php?rest_route=\/wp\/v2\/types\/page"}],"author":[{"embeddable":true,"href":"http:\/\/bmiiktisadiisletme.com\/index.php?rest_route=\/wp\/v2\/users\/1"}],"replies":[{"embeddable":true,"href":"http:\/\/bmiiktisadiisletme.com\/index.php?rest_route=%2Fwp%2Fv2%2Fcomments&post=8"}],"version-history":[{"count":4,"href":"http:\/\/bmiiktisadiisletme.com\/index.php?rest_route=\/wp\/v2\/pages\/8\/revisions"}],"predecessor-version":[{"id":57,"href":"http:\/\/bmiiktisadiisletme.com\/index.php?rest_route=\/wp\/v2\/pages\/8\/revisions\/57"}],"wp:attachment":[{"href":"http:\/\/bmiiktisadiisletme.com\/index.php?rest_route=%2Fwp%2Fv2%2Fmedia&parent=8"}],"curies":[{"name":"wp","href":"https:\/\/api.w.org\/{rel}","templated":true}]}}